{"id":6285,"date":"2026-03-23T22:26:16","date_gmt":"2026-03-23T21:26:16","guid":{"rendered":"https:\/\/www.restauranteelkano.com\/?page_id=6285"},"modified":"2026-03-23T22:44:03","modified_gmt":"2026-03-23T21:44:03","slug":"espana","status":"publish","type":"page","link":"https:\/\/www.restauranteelkano.com\/en\/bodega\/espana\/","title":{"rendered":"Spain"},"content":{"rendered":"<div data-elementor-type=\"wp-page\" data-elementor-id=\"6285\" class=\"elementor elementor-6285\" data-elementor-post-type=\"page\">\n\t\t\t\t<div class=\"elementor-element elementor-element-7a5bea5 e-flex e-con-boxed e-con e-parent\" data-id=\"7a5bea5\" data-element_type=\"container\" data-e-type=\"container\" data-settings=\"{&quot;background_background&quot;:&quot;classic&quot;}\">\n\t\t\t\t\t<div class=\"e-con-inner\">\n\t\t\t\t\t<\/div>\n\t\t\t\t<\/div>\n\t\t<div class=\"elementor-element elementor-element-d975458 e-con-full fc-container-padding e-flex e-con e-parent\" data-id=\"d975458\" data-element_type=\"container\" data-e-type=\"container\" data-settings=\"{&quot;background_background&quot;:&quot;classic&quot;}\">\n\t\t\t\t<div class=\"elementor-element elementor-element-2d0f910 elementor-widget elementor-widget-heading\" data-id=\"2d0f910\" data-element_type=\"widget\" data-e-type=\"widget\" data-widget_type=\"heading.default\">\n\t\t\t\t<div class=\"elementor-widget-container\">\n\t\t\t\t\t<h2 class=\"elementor-heading-title elementor-size-default\">Spain<\/h2>\t\t\t\t<\/div>\n\t\t\t\t<\/div>\n\t\t<div class=\"elementor-element elementor-element-2d9eae1 e-flex e-con-boxed e-con e-child\" data-id=\"2d9eae1\" data-element_type=\"container\" data-e-type=\"container\">\n\t\t\t\t\t<div class=\"e-con-inner\">\n\t\t<div class=\"elementor-element elementor-element-1c64e88 e-flex e-con-boxed e-con e-child\" data-id=\"1c64e88\" data-element_type=\"container\" data-e-type=\"container\">\n\t\t\t\t\t<div class=\"e-con-inner\">\n\t\t<div class=\"elementor-element elementor-element-d69f28d e-flex e-con-boxed e-con e-child\" data-id=\"d69f28d\" data-element_type=\"container\" data-e-type=\"container\">\n\t\t\t\t\t<div class=\"e-con-inner\">\n\t\t<div class=\"elementor-element elementor-element-c7cefcc e-con-full e-flex e-con e-child\" data-id=\"c7cefcc\" data-element_type=\"container\" data-e-type=\"container\">\n\t\t\t\t<div class=\"elementor-element elementor-element-72abaff elementor-widget elementor-widget-n-accordion\" data-id=\"72abaff\" data-element_type=\"widget\" data-e-type=\"widget\" data-settings=\"{&quot;default_state&quot;:&quot;all_collapsed&quot;,&quot;max_items_expended&quot;:&quot;one&quot;,&quot;n_accordion_animation_duration&quot;:{&quot;unit&quot;:&quot;ms&quot;,&quot;size&quot;:400,&quot;sizes&quot;:[]}}\" data-widget_type=\"nested-accordion.default\">\n\t\t\t\t<div class=\"elementor-widget-container\">\n\t\t\t\t\t\t\t<div class=\"e-n-accordion\" aria-label=\"Accordion. Open links with Enter or Space, close with Escape, and navigate with Arrow Keys\">\n\t\t\t\t\t\t<details id=\"e-n-accordion-item-1200\" class=\"e-n-accordion-item\" >\n\t\t\t\t<summary class=\"e-n-accordion-item-title\" data-accordion-index=\"1\" tabindex=\"0\" aria-expanded=\"false\" aria-controls=\"e-n-accordion-item-1200\" >\n\t\t\t\t\t<span class='e-n-accordion-item-title-header'><div class=\"e-n-accordion-item-title-text\"> 1. Andaluc\u00eda <\/div><\/span>\n\t\t\t\t\t\t\t<span class='e-n-accordion-item-title-icon'>\n\t\t\t<span class='e-opened' ><i aria-hidden=\"true\" class=\"fas fa-chevron-down\"><\/i><\/span>\n\t\t\t<span class='e-closed'><i aria-hidden=\"true\" class=\"fas fa-chevron-right\"><\/i><\/span>\n\t\t<\/span>\n\n\t\t\t\t\t\t<\/summary>\n\t\t\t\t<div role=\"region\" aria-labelledby=\"e-n-accordion-item-1200\" class=\"elementor-element elementor-element-a5eaafa e-con-full e-flex e-con e-child\" data-id=\"a5eaafa\" data-element_type=\"container\" data-e-type=\"container\">\n\t\t\t\t<div class=\"elementor-element elementor-element-a3c9237 elementor-widget elementor-widget-text-editor\" data-id=\"a3c9237\" data-element_type=\"widget\" data-e-type=\"widget\" data-widget_type=\"text-editor.default\">\n\t\t\t\t<div class=\"elementor-widget-container\">\n\t\t\t\t\t\t\t\t\t<p><strong>\u00a0Jerez-X\u00e9r\u00e8s-Sherry<\/strong><\/p><ul><li>Bodegas Tradici\u00f3n<\/li><li>Bodegas Hidalgo<\/li><li>Equipo Navazos<\/li><li>Fernando de Castilla<\/li><li>Juan Pi\u00f1ero<\/li><li>M. Ant\u00ba. De la Riva<\/li><li>Maestro Sierra<\/li><li>Sacrist\u00eda AB<\/li><\/ul><p><strong>Marco de Jerez<\/strong><\/p><ul><li>Bodegas Cota 45-Ramiro Iba\u00f1ez<\/li><li>Bodegas Luis Perez<\/li><li>Muchada-L\u00e9clapart<\/li><li>Ra\u00fal Moreno<\/li><\/ul>\t\t\t\t\t\t\t\t<\/div>\n\t\t\t\t<\/div>\n\t\t\t\t<\/div>\n\t\t\t\t\t<\/details>\n\t\t\t\t\t\t<details id=\"e-n-accordion-item-1201\" class=\"e-n-accordion-item\" >\n\t\t\t\t<summary class=\"e-n-accordion-item-title\" data-accordion-index=\"2\" tabindex=\"-1\" aria-expanded=\"false\" aria-controls=\"e-n-accordion-item-1201\" >\n\t\t\t\t\t<span class='e-n-accordion-item-title-header'><div class=\"e-n-accordion-item-title-text\"> 2. Castilla y Le\u00f3n <\/div><\/span>\n\t\t\t\t\t\t\t<span class='e-n-accordion-item-title-icon'>\n\t\t\t<span class='e-opened' ><i aria-hidden=\"true\" class=\"fas fa-chevron-down\"><\/i><\/span>\n\t\t\t<span class='e-closed'><i aria-hidden=\"true\" class=\"fas fa-chevron-right\"><\/i><\/span>\n\t\t<\/span>\n\n\t\t\t\t\t\t<\/summary>\n\t\t\t\t<div role=\"region\" aria-labelledby=\"e-n-accordion-item-1201\" class=\"elementor-element elementor-element-2c26de1 e-con-full e-flex e-con e-child\" data-id=\"2c26de1\" data-element_type=\"container\" data-e-type=\"container\">\n\t\t\t\t<div class=\"elementor-element elementor-element-206f5f5 elementor-widget elementor-widget-text-editor\" data-id=\"206f5f5\" data-element_type=\"widget\" data-e-type=\"widget\" data-widget_type=\"text-editor.default\">\n\t\t\t\t<div class=\"elementor-widget-container\">\n\t\t\t\t\t\t\t\t\t<p><strong>Bierzo<\/strong><\/p><ul><li>Bodegas Y Vi\u00f1edos Est\u00e9vez<\/li><li>C\u00e9sar Marquez<\/li><li>Descendientes de J. Palacios<\/li><li>Mengoba-Gregory Perez<\/li><li>Veronica Ortega<\/li><\/ul><p><strong>Ribera del Duero<\/strong><\/p><ul><li>Alonso del Yerro<\/li><li>Bodega Neg\u00f3n<\/li><li>Bodega Coru\u00f1a del Conde<\/li><li>Bodegas La Horra<\/li><li>Bodegas y Vi\u00f1edos Al\u00edon<\/li><li>Bosque de Matasnos<\/li><li>Domino del \u00c1guila<\/li><li>Domino de Es-Bertrand Sourdais<\/li><li>Domino de Pingus<\/li><li>Emilio Moro<\/li><li>Goyo Garcia Viadero<\/li><li>Hacienda Monasterio<\/li><li>Hern\u00e1ndez<\/li><li>Jes\u00fas Madrazo<\/li><li>Pago de Carraovejas<\/li><li>San Cobate<\/li><li>Vega Sicilia<\/li><li>Vi\u00f1a Sastre<\/li><\/ul><p><strong>Rueda<\/strong><\/p><ul><li>Belondrade Y Lurton<\/li><li>Bodegas Y Vi\u00f1edos Nieva<\/li><li>C\u00eda de Vinos Telmo Rodr\u00edguez<\/li><\/ul><p><strong>Vino de la Tierra Castilla Y Le\u00f3n<\/strong><\/p><ul><li>Esmeralda Garc\u00eda<\/li><li>Daniel G\u00f3mez Jim\u00e9nez Landi<\/li><li>DSG Vineyard<\/li><li>Bodegas Mauro<\/li><li>Cantalapiedra Viticultores<\/li><\/ul>\t\t\t\t\t\t\t\t<\/div>\n\t\t\t\t<\/div>\n\t\t\t\t<\/div>\n\t\t\t\t\t<\/details>\n\t\t\t\t\t\t<details id=\"e-n-accordion-item-1202\" class=\"e-n-accordion-item\" >\n\t\t\t\t<summary class=\"e-n-accordion-item-title\" data-accordion-index=\"3\" tabindex=\"-1\" aria-expanded=\"false\" aria-controls=\"e-n-accordion-item-1202\" >\n\t\t\t\t\t<span class='e-n-accordion-item-title-header'><div class=\"e-n-accordion-item-title-text\"> 3. Catalunya <\/div><\/span>\n\t\t\t\t\t\t\t<span class='e-n-accordion-item-title-icon'>\n\t\t\t<span class='e-opened' ><i aria-hidden=\"true\" class=\"fas fa-chevron-down\"><\/i><\/span>\n\t\t\t<span class='e-closed'><i aria-hidden=\"true\" class=\"fas fa-chevron-right\"><\/i><\/span>\n\t\t<\/span>\n\n\t\t\t\t\t\t<\/summary>\n\t\t\t\t<div role=\"region\" aria-labelledby=\"e-n-accordion-item-1202\" class=\"elementor-element elementor-element-76484a3 e-con-full e-flex e-con e-child\" data-id=\"76484a3\" data-element_type=\"container\" data-e-type=\"container\">\n\t\t\t\t<div class=\"elementor-element elementor-element-7541981 elementor-widget elementor-widget-text-editor\" data-id=\"7541981\" data-element_type=\"widget\" data-e-type=\"widget\" data-widget_type=\"text-editor.default\">\n\t\t\t\t<div class=\"elementor-widget-container\">\n\t\t\t\t\t\t\t\t\t<p><strong>Conca del Riu Anoia<\/strong><\/p><ul><li>Ravent\u00f3s i Blanc<\/li><\/ul><p><strong>Corpinnat<\/strong><\/p><ul><li>Gramona<\/li><li>Pardas<\/li><li>Recaredo<\/li><\/ul><p><strong>Coster del Segre<\/strong><\/p><ul><li>Castell d&#8217; Encus -Raul Bobet<\/li><\/ul><p><strong>Montsant\/ Priorat<\/strong><\/p><ul><li>\u00c1lvaro Palacios<\/li><li>Bodegas Mas Alta<\/li><li>Celler Comunica<\/li><li>Cims de Porrera<\/li><li>Clos de l&#8217; Obac<\/li><li>Clos Mogador<\/li><li>Familia Nin-Ortiz<\/li><li>Mas Martinet<\/li><li>Ren\u00e9 i Sara Viticultors<\/li><li>Terroir Al Limit<\/li><li>Venus La Universal<\/li><\/ul><p><strong>Pened\u00e8s<\/strong><\/p><ul><li>Cal Raspallet-Enric Soler<\/li><li>Alemany i Corrio<\/li><li>Colet Navazos<\/li><li>AT Roca<\/li><\/ul>\t\t\t\t\t\t\t\t<\/div>\n\t\t\t\t<\/div>\n\t\t\t\t<\/div>\n\t\t\t\t\t<\/details>\n\t\t\t\t\t\t<details id=\"e-n-accordion-item-1203\" class=\"e-n-accordion-item\" >\n\t\t\t\t<summary class=\"e-n-accordion-item-title\" data-accordion-index=\"4\" tabindex=\"-1\" aria-expanded=\"false\" aria-controls=\"e-n-accordion-item-1203\" >\n\t\t\t\t\t<span class='e-n-accordion-item-title-header'><div class=\"e-n-accordion-item-title-text\"> 4. Cava <\/div><\/span>\n\t\t\t\t\t\t\t<span class='e-n-accordion-item-title-icon'>\n\t\t\t<span class='e-opened' ><i aria-hidden=\"true\" class=\"fas fa-chevron-down\"><\/i><\/span>\n\t\t\t<span class='e-closed'><i aria-hidden=\"true\" class=\"fas fa-chevron-right\"><\/i><\/span>\n\t\t<\/span>\n\n\t\t\t\t\t\t<\/summary>\n\t\t\t\t<div role=\"region\" aria-labelledby=\"e-n-accordion-item-1203\" class=\"elementor-element elementor-element-3f1ff3c e-con-full e-flex e-con e-child\" data-id=\"3f1ff3c\" data-element_type=\"container\" data-e-type=\"container\">\n\t\t\t\t<div class=\"elementor-element elementor-element-9f9895e elementor-widget elementor-widget-text-editor\" data-id=\"9f9895e\" data-element_type=\"widget\" data-e-type=\"widget\" data-widget_type=\"text-editor.default\">\n\t\t\t\t<div class=\"elementor-widget-container\">\n\t\t\t\t\t\t\t\t\t<ul><li>Alta Alella-Celler de las Aus<\/li><li>Mestres<\/li><\/ul>\t\t\t\t\t\t\t\t<\/div>\n\t\t\t\t<\/div>\n\t\t\t\t<\/div>\n\t\t\t\t\t<\/details>\n\t\t\t\t\t\t<details id=\"e-n-accordion-item-1204\" class=\"e-n-accordion-item\" >\n\t\t\t\t<summary class=\"e-n-accordion-item-title\" data-accordion-index=\"5\" tabindex=\"-1\" aria-expanded=\"false\" aria-controls=\"e-n-accordion-item-1204\" >\n\t\t\t\t\t<span class='e-n-accordion-item-title-header'><div class=\"e-n-accordion-item-title-text\"> 5. Islas Canarias <\/div><\/span>\n\t\t\t\t\t\t\t<span class='e-n-accordion-item-title-icon'>\n\t\t\t<span class='e-opened' ><i aria-hidden=\"true\" class=\"fas fa-chevron-down\"><\/i><\/span>\n\t\t\t<span class='e-closed'><i aria-hidden=\"true\" class=\"fas fa-chevron-right\"><\/i><\/span>\n\t\t<\/span>\n\n\t\t\t\t\t\t<\/summary>\n\t\t\t\t<div role=\"region\" aria-labelledby=\"e-n-accordion-item-1204\" class=\"elementor-element elementor-element-1dafdd2 e-con-full e-flex e-con e-child\" data-id=\"1dafdd2\" data-element_type=\"container\" data-e-type=\"container\">\n\t\t\t\t<div class=\"elementor-element elementor-element-5937792 elementor-widget elementor-widget-text-editor\" data-id=\"5937792\" data-element_type=\"widget\" data-e-type=\"widget\" data-widget_type=\"text-editor.default\">\n\t\t\t\t<div class=\"elementor-widget-container\">\n\t\t\t\t\t\t\t\t\t<p><strong>Tenerife<\/strong><\/p><ul><li>Env\u00ednate<\/li><li>I\u00f1aki Garrido<\/li><li>Suertes del Marqu\u00e9s<\/li><\/ul><p><strong>Lanzarore<\/strong><\/p><ul><li>Bermejo<\/li><li>Puro Rofe<\/li><\/ul>\t\t\t\t\t\t\t\t<\/div>\n\t\t\t\t<\/div>\n\t\t\t\t<\/div>\n\t\t\t\t\t<\/details>\n\t\t\t\t\t<\/div>\n\t\t\t\t\t\t<\/div>\n\t\t\t\t<\/div>\n\t\t\t\t<\/div>\n\t\t<div class=\"elementor-element elementor-element-1cfe20a e-con-full e-flex e-con e-child\" data-id=\"1cfe20a\" data-element_type=\"container\" data-e-type=\"container\">\n\t\t\t\t<div class=\"elementor-element elementor-element-343875d elementor-widget elementor-widget-n-accordion\" data-id=\"343875d\" data-element_type=\"widget\" data-e-type=\"widget\" data-settings=\"{&quot;default_state&quot;:&quot;all_collapsed&quot;,&quot;max_items_expended&quot;:&quot;one&quot;,&quot;n_accordion_animation_duration&quot;:{&quot;unit&quot;:&quot;ms&quot;,&quot;size&quot;:400,&quot;sizes&quot;:[]}}\" data-widget_type=\"nested-accordion.default\">\n\t\t\t\t<div class=\"elementor-widget-container\">\n\t\t\t\t\t\t\t<div class=\"e-n-accordion\" aria-label=\"Accordion. Open links with Enter or Space, close with Escape, and navigate with Arrow Keys\">\n\t\t\t\t\t\t<details id=\"e-n-accordion-item-5470\" class=\"e-n-accordion-item\" >\n\t\t\t\t<summary class=\"e-n-accordion-item-title\" data-accordion-index=\"1\" tabindex=\"0\" aria-expanded=\"false\" aria-controls=\"e-n-accordion-item-5470\" >\n\t\t\t\t\t<span class='e-n-accordion-item-title-header'><div class=\"e-n-accordion-item-title-text\"> 6. Navarra <\/div><\/span>\n\t\t\t\t\t\t\t<span class='e-n-accordion-item-title-icon'>\n\t\t\t<span class='e-opened' ><i aria-hidden=\"true\" class=\"fas fa-chevron-down\"><\/i><\/span>\n\t\t\t<span class='e-closed'><i aria-hidden=\"true\" class=\"fas fa-chevron-right\"><\/i><\/span>\n\t\t<\/span>\n\n\t\t\t\t\t\t<\/summary>\n\t\t\t\t<div role=\"region\" aria-labelledby=\"e-n-accordion-item-5470\" class=\"elementor-element elementor-element-5844d69 e-con-full e-flex e-con e-child\" data-id=\"5844d69\" data-element_type=\"container\" data-e-type=\"container\">\n\t\t\t\t<div class=\"elementor-element elementor-element-4c7af88 elementor-widget elementor-widget-text-editor\" data-id=\"4c7af88\" data-element_type=\"widget\" data-e-type=\"widget\" data-widget_type=\"text-editor.default\">\n\t\t\t\t<div class=\"elementor-widget-container\">\n\t\t\t\t\t\t\t\t\t<ul><li>Aseguinolaza &amp; Leunda<\/li><li>Chivite<\/li><li>Domaine Lupier<\/li><li>Manin y sus Muchachos<\/li><\/ul>\t\t\t\t\t\t\t\t<\/div>\n\t\t\t\t<\/div>\n\t\t\t\t<\/div>\n\t\t\t\t\t<\/details>\n\t\t\t\t\t\t<details id=\"e-n-accordion-item-5471\" class=\"e-n-accordion-item\" >\n\t\t\t\t<summary class=\"e-n-accordion-item-title\" data-accordion-index=\"2\" tabindex=\"-1\" aria-expanded=\"false\" aria-controls=\"e-n-accordion-item-5471\" >\n\t\t\t\t\t<span class='e-n-accordion-item-title-header'><div class=\"e-n-accordion-item-title-text\"> 7. Galicia <\/div><\/span>\n\t\t\t\t\t\t\t<span class='e-n-accordion-item-title-icon'>\n\t\t\t<span class='e-opened' ><i aria-hidden=\"true\" class=\"fas fa-chevron-down\"><\/i><\/span>\n\t\t\t<span class='e-closed'><i aria-hidden=\"true\" class=\"fas fa-chevron-right\"><\/i><\/span>\n\t\t<\/span>\n\n\t\t\t\t\t\t<\/summary>\n\t\t\t\t<div role=\"region\" aria-labelledby=\"e-n-accordion-item-5471\" class=\"elementor-element elementor-element-a1f3fca e-con-full e-flex e-con e-child\" data-id=\"a1f3fca\" data-element_type=\"container\" data-e-type=\"container\">\n\t\t\t\t<div class=\"elementor-element elementor-element-d1f78c8 elementor-widget elementor-widget-text-editor\" data-id=\"d1f78c8\" data-element_type=\"widget\" data-e-type=\"widget\" data-widget_type=\"text-editor.default\">\n\t\t\t\t<div class=\"elementor-widget-container\">\n\t\t\t\t\t\t\t\t\t<p><strong>R\u00edas Baixas<\/strong><\/p><ul><li>Acios de Xesteiri\u00f1a<\/li><li>Albamar-Xurxo Alba<\/li><li>Bodegas Fulcro- Manuel Moldes<\/li><li>Bodegas Gerardo M\u00e9ndez<\/li><li>Eulogio Pomares Parcelarios<\/li><li>Forjas del Saln\u00e9s-Rodrigo M\u00e9ndez<\/li><li>Pazo Se\u00f1orans<\/li><li>C\u00eda de Vinos Tric\u00f3<\/li><li>Zarate<\/li><\/ul><p><strong>Ribeira Sacra<\/strong><\/p><ul><li>Algueira<\/li><li>Dominio do Bibei<\/li><li>Env\u00ednate<\/li><li>Fazenda Pradio<\/li><li>Fedellos do Couto<\/li><\/ul><p><strong>Ribeiro<\/strong><\/p><ul><li>Bernardo Est\u00e9vez<\/li><li>Casal de Arman<\/li><li>Cume do Avia<\/li><li>Emilio Moro<\/li><li>Fazenda Agricola Augalevada-Iago Garrido<\/li><li>Iria Otero<\/li><li>Luis Anxo Rodr\u00edguez<\/li><\/ul><p><strong>Valdeorras<\/strong><\/p><ul><li>Bodegas Vi\u00f1a Somoza<\/li><li>Rafael Palacios<\/li><li>Vi\u00f1edos Telmo Rodr\u00edguez<\/li><\/ul><p><strong>Monterrei<\/strong><\/p><ul><li>Quinta da Muradella-Jos\u00e9 Luis Mateo<\/li><\/ul>\t\t\t\t\t\t\t\t<\/div>\n\t\t\t\t<\/div>\n\t\t\t\t<\/div>\n\t\t\t\t\t<\/details>\n\t\t\t\t\t\t<details id=\"e-n-accordion-item-5472\" class=\"e-n-accordion-item\" >\n\t\t\t\t<summary class=\"e-n-accordion-item-title\" data-accordion-index=\"3\" tabindex=\"-1\" aria-expanded=\"false\" aria-controls=\"e-n-accordion-item-5472\" >\n\t\t\t\t\t<span class='e-n-accordion-item-title-header'><div class=\"e-n-accordion-item-title-text\"> 8. La Rioja <\/div><\/span>\n\t\t\t\t\t\t\t<span class='e-n-accordion-item-title-icon'>\n\t\t\t<span class='e-opened' ><i aria-hidden=\"true\" class=\"fas fa-chevron-down\"><\/i><\/span>\n\t\t\t<span class='e-closed'><i aria-hidden=\"true\" class=\"fas fa-chevron-right\"><\/i><\/span>\n\t\t<\/span>\n\n\t\t\t\t\t\t<\/summary>\n\t\t\t\t<div role=\"region\" aria-labelledby=\"e-n-accordion-item-5472\" class=\"elementor-element elementor-element-92eb4f7 e-con-full e-flex e-con e-child\" data-id=\"92eb4f7\" data-element_type=\"container\" data-e-type=\"container\">\n\t\t\t\t<div class=\"elementor-element elementor-element-059c1c7 elementor-widget elementor-widget-text-editor\" data-id=\"059c1c7\" data-element_type=\"widget\" data-e-type=\"widget\" data-widget_type=\"text-editor.default\">\n\t\t\t\t<div class=\"elementor-widget-container\">\n\t\t\t\t\t\t\t\t\t<ul><li>Abel Mendoza<\/li><li>Finca Allende<\/li><li>Bodegas Contador-Benjamin Romeo<\/li><li>Bodegas 220 Cantaras<\/li><li>Bodegas Muga<\/li><li>Vinos Olivier Rivi\u00e8re<\/li><li>\u00c1lvaro Palacios<\/li><li>Bodegas Moraza<\/li><li>Bodegas Roda<\/li><li>Compa\u00f1\u00eda Vin\u00edcola del Norte de Espa\u00f1a<\/li><li>Jos\u00e9 Gil<\/li><li>La Rioja Alta<\/li><li>Marqu\u00e9s de Murrieta<\/li><li>Marqu\u00e9s de Vargas<\/li><li>Pedro Balda<\/li><li>R. L\u00f3pez de Heredia<\/li><li>Sierra Cantabria<\/li><\/ul>\t\t\t\t\t\t\t\t<\/div>\n\t\t\t\t<\/div>\n\t\t\t\t<\/div>\n\t\t\t\t\t<\/details>\n\t\t\t\t\t\t<details id=\"e-n-accordion-item-5473\" class=\"e-n-accordion-item\" >\n\t\t\t\t<summary class=\"e-n-accordion-item-title\" data-accordion-index=\"4\" tabindex=\"-1\" aria-expanded=\"false\" aria-controls=\"e-n-accordion-item-5473\" >\n\t\t\t\t\t<span class='e-n-accordion-item-title-header'><div class=\"e-n-accordion-item-title-text\"> 9. Sin D.O. <\/div><\/span>\n\t\t\t\t\t\t\t<span class='e-n-accordion-item-title-icon'>\n\t\t\t<span class='e-opened' ><i aria-hidden=\"true\" class=\"fas fa-chevron-down\"><\/i><\/span>\n\t\t\t<span class='e-closed'><i aria-hidden=\"true\" class=\"fas fa-chevron-right\"><\/i><\/span>\n\t\t<\/span>\n\n\t\t\t\t\t\t<\/summary>\n\t\t\t\t<div role=\"region\" aria-labelledby=\"e-n-accordion-item-5473\" class=\"elementor-element elementor-element-48435e3 e-con-full e-flex e-con e-child\" data-id=\"48435e3\" data-element_type=\"container\" data-e-type=\"container\">\n\t\t\t\t<div class=\"elementor-element elementor-element-d9972ff elementor-widget elementor-widget-text-editor\" data-id=\"d9972ff\" data-element_type=\"widget\" data-e-type=\"widget\" data-widget_type=\"text-editor.default\">\n\t\t\t\t<div class=\"elementor-widget-container\">\n\t\t\t\t\t\t\t\t\t<ul><li>Chat\u00f3 Pqta (Mallorca)<\/li><li>Laboratorio Rupestre (Jumilla)<\/li><li>Microbio Wines (Segovia)<\/li><li>Pepe Ravent\u00f3s (Alt Pened\u00e8s)<\/li><\/ul>\t\t\t\t\t\t\t\t<\/div>\n\t\t\t\t<\/div>\n\t\t\t\t<\/div>\n\t\t\t\t\t<\/details>\n\t\t\t\t\t<\/div>\n\t\t\t\t\t\t<\/div>\n\t\t\t\t<\/div>\n\t\t\t\t<\/div>\n\t\t\t\t\t<\/div>\n\t\t\t\t<\/div>\n\t\t\t\t\t<\/div>\n\t\t\t\t<\/div>\n\t\t\t\t\t<\/div>\n\t\t\t\t<\/div>\n\t\t\t\t<div class=\"elementor-element elementor-element-5b7feed elementor-align-center elementor-widget elementor-widget-button\" data-id=\"5b7feed\" data-element_type=\"widget\" data-e-type=\"widget\" data-widget_type=\"button.default\">\n\t\t\t\t<div class=\"elementor-widget-container\">\n\t\t\t\t\t\t\t\t\t<div class=\"elementor-button-wrapper\">\n\t\t\t\t\t<a class=\"elementor-button elementor-button-link elementor-size-sm\" href=\"https:\/\/www.restauranteelkano.com\/en\/bodega\/\">\n\t\t\t\t\t\t<span class=\"elementor-button-content-wrapper\">\n\t\t\t\t\t\t\t\t\t<span class=\"elementor-button-text\">Return to winery<\/span>\n\t\t\t\t\t<\/span>\n\t\t\t\t\t<\/a>\n\t\t\t\t<\/div>\n\t\t\t\t\t\t\t\t<\/div>\n\t\t\t\t<\/div>\n\t\t\t\t<\/div>\n\t\t\t\t<\/div>","protected":false},"excerpt":{"rendered":"<p>Espa\u00f1a 1. Andaluc\u00eda \u00a0Jerez-X\u00e9r\u00e8s-Sherry Bodegas Tradici\u00f3n Bodegas Hidalgo Equipo Navazos Fernando de Castilla Juan Pi\u00f1ero M. Ant\u00ba. De la Riva Maestro Sierra Sacrist\u00eda AB Marco de Jerez Bodegas Cota 45-Ramiro Iba\u00f1ez Bodegas Luis Perez Muchada-L\u00e9clapart Ra\u00fal Moreno 2. Castilla y Le\u00f3n Bierzo Bodegas Y Vi\u00f1edos Est\u00e9vez C\u00e9sar Marquez Descendientes de J. Palacios Mengoba-Gregory Perez Veronica [&hellip;]<\/p>\n","protected":false},"author":2,"featured_media":0,"parent":5790,"menu_order":0,"comment_status":"closed","ping_status":"closed","template":"","meta":{"_acf_changed":false,"footnotes":""},"class_list":["post-6285","page","type-page","status-publish","hentry"],"acf":[],"_links":{"self":[{"href":"https:\/\/www.restauranteelkano.com\/en\/wp-json\/wp\/v2\/pages\/6285","targetHints":{"allow":["GET"]}}],"collection":[{"href":"https:\/\/www.restauranteelkano.com\/en\/wp-json\/wp\/v2\/pages"}],"about":[{"href":"https:\/\/www.restauranteelkano.com\/en\/wp-json\/wp\/v2\/types\/page"}],"author":[{"embeddable":true,"href":"https:\/\/www.restauranteelkano.com\/en\/wp-json\/wp\/v2\/users\/2"}],"replies":[{"embeddable":true,"href":"https:\/\/www.restauranteelkano.com\/en\/wp-json\/wp\/v2\/comments?post=6285"}],"version-history":[{"count":21,"href":"https:\/\/www.restauranteelkano.com\/en\/wp-json\/wp\/v2\/pages\/6285\/revisions"}],"predecessor-version":[{"id":6306,"href":"https:\/\/www.restauranteelkano.com\/en\/wp-json\/wp\/v2\/pages\/6285\/revisions\/6306"}],"up":[{"embeddable":true,"href":"https:\/\/www.restauranteelkano.com\/en\/wp-json\/wp\/v2\/pages\/5790"}],"wp:attachment":[{"href":"https:\/\/www.restauranteelkano.com\/en\/wp-json\/wp\/v2\/media?parent=6285"}],"curies":[{"name":"wp","href":"https:\/\/api.w.org\/{rel}","templated":true}]}}