{"id":750,"date":"2020-01-07T17:45:30","date_gmt":"2020-01-07T17:45:30","guid":{"rendered":"https:\/\/www.restauranteelkano.com\/?page_id=750"},"modified":"2026-01-22T14:17:37","modified_gmt":"2026-01-22T14:17:37","slug":"francia","status":"publish","type":"page","link":"https:\/\/www.restauranteelkano.com\/en\/bodega\/francia\/","title":{"rendered":"Francia"},"content":{"rendered":"<div class=\"wpb-content-wrapper\"><section id=\"ut-section-69f2f57b36034\" data-vc-full-width=\"true\" data-vc-full-width-init=\"false\" data-background-image=\"https:\/\/www.restauranteelkano.com\/wp-content\/uploads\/2019\/05\/arbol.jpg?id=661\" data-cursor-skin=\"global\" class=\"vc_section ut-vc-120 vc_section-has-fill ut-section-69f2f57b36042 ut-background-lozad\"><div id=\"ut-row-69f2f57b367f8\" data-vc-full-width=\"true\" data-vc-full-width-init=\"false\" class=\"vc_row wpb_row vc_row-fluid vc_column-gap-0 ut-row-69f2f57b36801\" ><div class=\"wpb_column vc_column_container vc_col-sm-12\" ><div id=\"ut_inner_column_69f2f57b36c7e\" class=\"vc_column-inner\" ><div class=\"wpb_wrapper\"><\/div><\/div><\/div><\/div><div class=\"vc_row-full-width vc_clearfix\"><\/div><a data-id=\"section-without-id\" class=\"ut-vc-offset-anchor-bottom\" name=\"section-without-id\"><\/a><style type=\"text\/css\">#ut-section-69f2f57b36034{padding-top: 200px !important;padding-bottom: 200px !important;background-position: center !important;background-repeat: no-repeat !important;background-size: cover !important;} <\/style><\/section><div class=\"vc_row-full-width vc_clearfix\"><\/div><section id=\"ut-section-69f2f57b37673\" data-vc-full-width=\"true\" data-vc-full-width-init=\"false\" data-cursor-skin=\"global\" class=\"vc_section ut-vc-120 vc_section-has-no-fill ut-section-69f2f57b37679\"><div id=\"ut-row-69f2f57b37b0f\" data-vc-full-width=\"true\" data-vc-full-width-init=\"false\" data-vc-stretch-content=\"true\" class=\"vc_row wpb_row vc_row-fluid vc_column-gap-0 ut-row-69f2f57b37b17\" ><div class=\"wpb_column vc_column_container vc_col-sm-12\" ><div id=\"ut_inner_column_69f2f57b38223\" class=\"vc_column-inner\" ><div class=\"wpb_wrapper\"><div class=\"wpb_content_element\"><style type=\"text\/css\">#ut_header_69f2f57b386e0 h2.section-title, #ut_header_69f2f57b386e0 h2.section-title span { color:#6f6f6f; }#ut_header_69f2f57b386e0 h2.section-title{ font-family: \"Playfair Display\";font-weight:400;font-style:normal; }#ut_header_69f2f57b386e0 h2.section-title{ font-size: 29px }@media (min-width: 768px) { #ut_header_69f2f57b386e0 h2.section-title { line-height: 29px !important; } }#ut_header_69f2f57b386e0 h2.section-title{ letter-spacing: 0.2em }<\/style><header id=\"ut_header_69f2f57b386e0\" class=\"section-header  ut-no-title-linebreak-mobile ut-no-lead-linebreak-mobile pt-style-7 header-center header-tablet-center header-mobile-center element-with-custom-line-height\"><div class=\"element-with-custom-line-height\" ><h2 data-title=\"FRANCIA\"  data-responsive-font=\"section_title\" data-responsive-font-settings=\"{&quot;base-font-size&quot;:&quot;29&quot;,&quot;base-line-height&quot;:&quot;29&quot;,&quot;base-letter-spacing&quot;:&quot;0.2&quot;}\" class=\"section-title\"><span>FRANCIA<\/span><\/h2><\/div><\/header><\/div><\/div><\/div><\/div><style type=\"text\/css\">#ut-row-69f2f57b37b0f{padding-right: 10% !important;padding-left: 10% !important;} <\/style><\/div><div class=\"vc_row-full-width vc_clearfix\"><\/div><div id=\"ut-row-69f2f57b3b2f2\" data-vc-full-width=\"true\" data-vc-full-width-init=\"false\" class=\"vc_row wpb_row vc_row-fluid vc_column-gap-0 ut-row-69f2f57b3b2fb\" ><div class=\"wpb_column vc_column_container vc_col-sm-6\" ><div id=\"ut_inner_column_69f2f57b3b71e\" class=\"vc_column-inner\" ><div class=\"wpb_wrapper\"><div class=\"wpb_content_element\"><style type=\"text\/css\">#ut_accordion_69f2f57b3b85e .ut-accordion-module-item.open .ut-accordion-module-heading { color: rgba(89, 86, 83, 1) !important }#ut_accordion_69f2f57b3b85e .ut-accordion-module-heading:hover { color: rgba(89, 86, 83, 1) !important }#ut_accordion_69f2f57b3b85e .ut-accordion-module-heading:active { color: rgba(89, 86, 83, 1) !important }#ut_accordion_69f2f57b3b85e .ut-accordion-module-heading:focus { color: rgba(89, 86, 83, 1) !important }#ut_accordion_69f2f57b3b85e .ut-accordion-module-item { border-top-style:solid; }#ut_accordion_69f2f57b3b85e .ut-accordion-module-item:last-child { border-top-style:solid; border-bottom-style:solid; }#ut_accordion_69f2f57b3b85e .ut-accordion-module-heading::before { -webkit-border-radius: 50%; -moz-border-radius: 50%; border-radius: 50%; }<\/style><div id=\"ut_accordion_69f2f57b3b85e\" data-accordion-group class=\"ut-accordion-module ut-accordion-module-single  ut-accordion-module-with-counter ut-accordion-module-with-border\"><div data-accordion data-single data-transition =\"400\" data-easing=\"ease\" class=\"ut-accordion-module-item\"><h3 data-control class=\"ut-accordion-module-heading\" data-counter=\"1\">Champagne<\/h3><div data-content class=\"ut-accordion-module-content\"><div class=\"ut-accordion-module-inner entry-content clearfix\"><p><strong>Champagne de Vigneron<\/strong><\/p>\n<ul>\n<li>Amaury Beaufort<\/li>\n<li>Beno\u00eet Lahaye<\/li>\n<li>Benoit Marguet<\/li>\n<li>B\u00e9r\u00eache &amp; Fils<\/li>\n<li>Caz\u00e9-Thibaut<\/li>\n<li>C\u00e9dric Bouchard<\/li>\n<li>Chartogne-Taillet<\/li>\n<li>Clandestin<\/li>\n<li>David L\u00e9clapart<\/li>\n<li>Dehours &amp; Fils<\/li>\n<li>Dhondt-Grellet<\/li>\n<li>Domaine de Bichery<\/li>\n<li>Emmanuel Brochet<\/li>\n<li>\u00c9tienne Calsac<\/li>\n<li>Fleury<\/li>\n<li>Fr\u00e9deric Savart<\/li>\n<li>Georges Laval<\/li>\n<li>Jacques Lassaigne<\/li>\n<li>Jacques Selosse<\/li>\n<li>Jacquesson<\/li>\n<li>Larmandier-Bernier<\/li>\n<li>Laherte Fr\u00e8res<\/li>\n<li>La Closerie-J\u00e9rome Prevost<\/li>\n<li>La Rogerie<\/li>\n<li>Legrand-Latour<\/li>\n<li>Marie Courtin<\/li>\n<li>Olivier Horiot<\/li>\n<li>Pascal Doquet<\/li>\n<li>Paul Gosset<\/li>\n<li>Pierre &amp; Fran\u00e7ois Hur\u00e9<\/li>\n<li>Roses de Jeanne-C\u00e9dric Bouchard<\/li>\n<li>Ruppert-Leroy<\/li>\n<li>Salima &amp; Alain Cordeuil<\/li>\n<li>Suenen<\/li>\n<li>Thomas Perseval<\/li>\n<li>Ulysse Colin<\/li>\n<li>Vouette &amp; Sorb\u00e9e<\/li>\n<\/ul>\n<p><strong>Maisons de Champagne<\/strong><\/p>\n<ul>\n<li>Andr\u00e9 Clouet<\/li>\n<li>Billecart-Salmon<\/li>\n<li>Bollinger<\/li>\n<li>Delamotte<\/li>\n<li>Dom P\u00e9rignon<\/li>\n<li>Egly-Ouriet<\/li>\n<li>Gosset<\/li>\n<li>Krug<\/li>\n<li>Louis Roederer<\/li>\n<li>Philiponnat<\/li>\n<li>Pol Roger<\/li>\n<li>Salon<\/li>\n<li>Taittinger<\/li>\n<\/ul>\n<p>\n<\/div><\/div><\/div><div data-accordion data-single data-transition =\"400\" data-easing=\"ease\" class=\"ut-accordion-module-item\"><h3 data-control class=\"ut-accordion-module-heading\" data-counter=\"2\">Bourgogne<\/h3><div data-content class=\"ut-accordion-module-content\"><div class=\"ut-accordion-module-inner entry-content clearfix\"><p><strong>Chabilisen\/ Auxerrois<\/strong><\/p>\n<ul>\n<li>Ch\u00e2teau de B\u00e9ru-Ath\u00e9na\u00efs de B\u00e9ru<\/li>\n<li>Domaine Alice &amp; Olivier De Moor<\/li>\n<li>Domaine Jean-Hugues et Guilhem Goisot<\/li>\n<li>Domaine Pattes Loup-Thomas Pico<\/li>\n<li>Gerard Duplessis<\/li>\n<li>La Soeur Cadette<\/li>\n<li>Ren\u00e9 &amp; Vincent Dauvissat<\/li>\n<\/ul>\n<p><strong>C\u00f4te de Nuits<\/strong><\/p>\n<ul>\n<li>Alain Hudelot-No\u00ebllat<\/li>\n<li>Armand Rousseau<\/li>\n<li>Arnoux Lachaux<\/li>\n<li>Charles Lachaux<\/li>\n<li>Claire Naudin<\/li>\n<li>Confuron-Cotetidot<\/li>\n<li>Denis Mortet<\/li>\n<li>Domaine Fourrier<\/li>\n<li>Domaine Georges No\u00ebllat<\/li>\n<li>Domaine Georges Roumier<\/li>\n<li>Domaine de la Vougeraie<\/li>\n<li>Domaine des Lambrays<\/li>\n<li>Domaine du Comtes Liger-B\u00e9lair<\/li>\n<li>Domaine Jean-Grivot<\/li>\n<li>Harmand Geoffroy<\/li>\n<li>Henri Gouges<\/li>\n<li>J\u00e9r\u00f4me Galeyrand<\/li>\n<li>Robert Groffier<\/li>\n<li>Sylvain Pataille<\/li>\n<\/ul>\n<p><strong>C\u00f4te de Beaune<\/strong><\/p>\n<ul>\n<li>Caroline Morey<\/li>\n<li>Etienne Sauzet<\/li>\n<li>Fran\u00e7ois de Nicolay<\/li>\n<li>Domaine Bachelet-Monnot<\/li>\n<li>Domaine Chandon de Briailles<\/li>\n<li>Domaine de Chassorney-Fr\u00e9deric Cossard<\/li>\n<li>Domaine Dandelion<\/li>\n<li>Domaine De Montille<\/li>\n<li>Domaine des Comtes Lafon<\/li>\n<li>Domaine des Rouges Queues<\/li>\n<li>Domaine Hubert Lamy<\/li>\n<li>Domaine Michel Lafarge<\/li>\n<li>Domaine Pierre Girardin<\/li>\n<li>Domaine Roulot<\/li>\n<li>Domaine de Cassiop\u00e9e<\/li>\n<li>Jean-Philippe Fichet<\/li>\n<li>Maison Renaud Boyer<\/li>\n<li>Marquis d&#8217; Angerville<\/li>\n<li>Michel Bouzereau<\/li>\n<li>Philippe Pacalet<\/li>\n<li>Pierre-Yves Colin-Morey<\/li>\n<li>Vincent Dancer<\/li>\n<\/ul>\n<p><strong>C\u00f4te Chalonnaise<\/strong><\/p>\n<ul>\n<li>Bruno Lorenzon<\/li>\n<\/ul>\n<p><strong>Maconnais<\/strong><\/p>\n<ul>\n<li>Ch\u00e2teau de Rontets<\/li>\n<li>Clos des Vignes du Maynes-Julien Guillot<\/li>\n<li>Jules Desjourneys<\/li>\n<li>Les H\u00e9ritiers du Comtes Lafon<\/li>\n<li>Maison Valette<\/li>\n<li>Robert-Denogent<\/li>\n<\/ul>\n<p>\n<\/div><\/div><\/div><div data-accordion data-single data-transition =\"400\" data-easing=\"ease\" class=\"ut-accordion-module-item\"><h3 data-control class=\"ut-accordion-module-heading\" data-counter=\"3\">Beaujolais<\/h3><div data-content class=\"ut-accordion-module-content\"><div class=\"ut-accordion-module-inner entry-content clearfix\"><\/p>\n<ul>\n<li>K\u00e9k\u00e9 Descombes<\/li>\n<li>Jules Desjourneys<\/li>\n<li>Domaine de la Grand&#8217; Cour<\/li>\n<li>Domaine Thillardon<\/li>\n<li>Justin\u00a0Dutraive<\/li>\n<li>Lucas Dutraive<\/li>\n<li>Oph\u00e9lie\u00a0Dutraive<\/li>\n<li>Jean Foillard<\/li>\n<li>Mee Godard<\/li>\n<li>Jules\u00a0M\u00e9tras<\/li>\n<li>Yvon\u00a0M\u00e9tras<\/li>\n<\/ul>\n<p>\n<\/div><\/div><\/div><div data-accordion data-single data-transition =\"400\" data-easing=\"ease\" class=\"ut-accordion-module-item\"><h3 data-control class=\"ut-accordion-module-heading\" data-counter=\"4\">Vall\u00e9e de la Loire<\/h3><div data-content class=\"ut-accordion-module-content\"><div class=\"ut-accordion-module-inner entry-content clearfix\"><p><strong>Pays Nantais <\/strong><\/p>\n<ul>\n<li>J\u00e9r\u00f4me Bretaudeau<\/li>\n<li>Jean-Baptiste Hardy<\/li>\n<\/ul>\n<p><strong>Anjou\/ Saumur <\/strong><\/p>\n<ul>\n<li>Simon Batardi\u00e8re<\/li>\n<li>Thibaud Boudignon<\/li>\n<li>Ch\u00e2teau de Bonnezeaux<\/li>\n<li>Benoit Courault<\/li>\n<li>Domaine 7-Abel Benamaar<\/li>\n<li>Domaine Andr\u00e9e-St\u00e9phane \u00c9riss\u00e9<\/li>\n<li>Domaine de la Roche aux Moines-Tessa Laroche<\/li>\n<li>Domaine du Collier-Caroline &amp; Antoine Foucault<\/li>\n<li>Mai &amp; Kenji Hodgson<\/li>\n<li>La Porte Saint Jean-Sylvain Ditti\u00e8re<\/li>\n<li>Richard Leroy<\/li>\n<li>St\u00e9phane Bernaudeau<\/li>\n<li>Terra Vita Vinum<\/li>\n<\/ul>\n<p><strong>Touraine <\/strong><\/p>\n<ul>\n<li>Fran\u00e7ois Chidaine<\/li>\n<li>Clarie &amp; Florent B\u00e9jon<\/li>\n<\/ul>\n<p><strong>Centre<\/strong><\/p>\n<ul>\n<li>Alexandre Bain<\/li>\n<li>Caroline Bain<\/li>\n<li>Domaine des Po\u00ebte<\/li>\n<li>Vincent Gaudry<\/li>\n<\/ul>\n<p>\n<\/div><\/div><\/div><div data-accordion data-single data-transition =\"400\" data-easing=\"ease\" class=\"ut-accordion-module-item\"><h3 data-control class=\"ut-accordion-module-heading\" data-counter=\"5\">Alsace<\/h3><div data-content class=\"ut-accordion-module-content\"><div class=\"ut-accordion-module-inner entry-content clearfix\"><\/p>\n<ul>\n<li>Marcel Deiss<\/li>\n<li>Domaine Bott Geyl<\/li>\n<li>Marc Kredenweiss<\/li>\n<li>La Rogerie-Famille Petit-Boxler<\/li>\n<li>Vignoble du R\u00eaveur<\/li>\n<li>Jintaro Yura<\/li>\n<\/ul>\n<p>\n<\/div><\/div><\/div><div data-accordion data-single data-transition =\"400\" data-easing=\"ease\" class=\"ut-accordion-module-item\"><h3 data-control class=\"ut-accordion-module-heading\" data-counter=\"6\">Jura<\/h3><div data-content class=\"ut-accordion-module-content\"><div class=\"ut-accordion-module-inner entry-content clearfix\"><\/p>\n<ul>\n<li>Philippe Bornard<\/li>\n<li>Bruyere Renaud &amp; Houillon Adeline<\/li>\n<li>Domaine de Cavarodes<\/li>\n<li>Domaine de Montbourgeau<\/li>\n<li>Domaine de la Tournelle<\/li>\n<li>Domaine Ganevat<\/li>\n<li>Domaine Labet<\/li>\n<li>Domaine Pignier<\/li>\n<li>Fumey-Chatelain<\/li>\n<li>Michel Gahier<\/li>\n<li>Fran\u00e7ois Rousset-Martin<\/li>\n<li>B\u00e9n\u00e9dicte &amp; St\u00e9phane Tissot<\/li>\n<\/ul>\n<p>\n<\/div><\/div><\/div><div data-accordion data-single data-transition =\"400\" data-easing=\"ease\" class=\"ut-accordion-module-item\"><h3 data-control class=\"ut-accordion-module-heading\" data-counter=\"7\">Savoie\/ Bugey<\/h3><div data-content class=\"ut-accordion-module-content\"><div class=\"ut-accordion-module-inner entry-content clearfix\"><\/p>\n<ul>\n<li>\u00c7a Boit Libre-Bastien Goddard<\/li>\n<li>Domaine Belluard<\/li>\n<li>Domaine des Ardoisi\u00e8res<\/li>\n<li>Domaine des C\u00f4tes Rousses<\/li>\n<li>Domaine Fabien Trosset<\/li>\n<li>Corentin Houillon<\/li>\n<li>L&#8217; Aitonnement-Maxime Dancoine<\/li>\n<li>Rapha\u00ebl Bartucci<\/li>\n<\/ul>\n<p>\n<\/div><\/div><\/div><\/div><\/div><\/div><\/div><\/div><div class=\"wpb_column vc_column_container vc_col-sm-6\" ><div id=\"ut_inner_column_69f2f57b3d092\" class=\"vc_column-inner\" ><div class=\"wpb_wrapper\"><div class=\"wpb_content_element\"><style type=\"text\/css\">#ut_accordion_69f2f57b3d143 .ut-accordion-module-item.open .ut-accordion-module-heading { color: rgba(89, 86, 83, 1) !important }#ut_accordion_69f2f57b3d143 .ut-accordion-module-heading:hover { color: rgba(89, 86, 83, 1) !important }#ut_accordion_69f2f57b3d143 .ut-accordion-module-heading:active { color: rgba(89, 86, 83, 1) !important }#ut_accordion_69f2f57b3d143 .ut-accordion-module-heading:focus { color: rgba(89, 86, 83, 1) !important }#ut_accordion_69f2f57b3d143 .ut-accordion-module-item { border-top-style:solid; }#ut_accordion_69f2f57b3d143 .ut-accordion-module-item:last-child { border-top-style:solid; border-bottom-style:solid; }#ut_accordion_69f2f57b3d143 .ut-accordion-module-heading::before { -webkit-border-radius: 50%; -moz-border-radius: 50%; border-radius: 50%; }<\/style><div id=\"ut_accordion_69f2f57b3d143\" data-accordion-group class=\"ut-accordion-module ut-accordion-module-single  ut-accordion-module-with-counter ut-accordion-module-with-border\"><div data-accordion data-single data-transition =\"400\" data-easing=\"ease\" class=\"ut-accordion-module-item\"><h3 data-control class=\"ut-accordion-module-heading\" data-counter=\"8\">Rh\u00f4ne<\/h3><div data-content class=\"ut-accordion-module-content\"><div class=\"ut-accordion-module-inner entry-content clearfix\"><\/p>\n<ul>\n<li>Thierry Allemand<\/li>\n<li>Henri Bonneau<\/li>\n<li>Jean-Louis Chave<\/li>\n<li>Auguste Clape<\/li>\n<li>Domaine Charvin<\/li>\n<li>Domaine de Gramenon<\/li>\n<li>Domaine du Monteillet-St\u00e9phane Montez<\/li>\n<li>Domaine du Tunnel-St\u00e9phane Robert<\/li>\n<li>Pierre Gonon<\/li>\n<li>Alain Graillot<\/li>\n<li>Jean-Paul &amp; Lo\u00efc Jamet<\/li>\n<li>R-J Dard &amp; F. Ribo<\/li>\n<li>Rotem &amp; Mounir Saouma<\/li>\n<li>Herv\u00e9 Souhaut<\/li>\n<\/ul>\n<p>\n<\/div><\/div><\/div><div data-accordion data-single data-transition =\"400\" data-easing=\"ease\" class=\"ut-accordion-module-item\"><h3 data-control class=\"ut-accordion-module-heading\" data-counter=\"9\">Provence<\/h3><div data-content class=\"ut-accordion-module-content\"><div class=\"ut-accordion-module-inner entry-content clearfix\"><\/p>\n<ul>\n<li>Domaine de Tr\u00e9vallon<\/li>\n<li>Domaine Hauvette<\/li>\n<li>Domaine Henri Milan<\/li>\n<li>Domaine Tempier<\/li>\n<\/ul>\n<p>\n<\/div><\/div><\/div><div data-accordion data-single data-transition =\"400\" data-easing=\"ease\" class=\"ut-accordion-module-item\"><h3 data-control class=\"ut-accordion-module-heading\" data-counter=\"10\">Languedoc<\/h3><div data-content class=\"ut-accordion-module-content\"><div class=\"ut-accordion-module-inner entry-content clearfix\"><\/p>\n<ul>\n<li>Domaine de la Grange des P\u00e8res-Laurent Vaill\u00e9<\/li>\n<li>Domaine des deux Cl\u00e9s<\/li>\n<li>Mas Jullien<\/li>\n<li>Maxime Magnon<\/li>\n<li>Prieur\u00e9 Saint-Jean de B\u00e9bian<\/li>\n<\/ul>\n<p>\n<\/div><\/div><\/div><div data-accordion data-single data-transition =\"400\" data-easing=\"ease\" class=\"ut-accordion-module-item\"><h3 data-control class=\"ut-accordion-module-heading\" data-counter=\"11\">Catalogne Nord<\/h3><div data-content class=\"ut-accordion-module-content\"><div class=\"ut-accordion-module-inner entry-content clearfix\"><\/p>\n<ul>\n<li>Domaine Gauby<\/li>\n<li>Domaine Laguerre<\/li>\n<li>Les Fr\u00e8res Danjou<\/li>\n<li>Pedres Blanques<\/li>\n<\/ul>\n<p>\n<\/div><\/div><\/div><div data-accordion data-single data-transition =\"400\" data-easing=\"ease\" class=\"ut-accordion-module-item\"><h3 data-control class=\"ut-accordion-module-heading\" data-counter=\"12\">Sud Ouest<\/h3><div data-content class=\"ut-accordion-module-content\"><div class=\"ut-accordion-module-inner entry-content clearfix\"><p><strong>Bordeaux<\/strong><\/p>\n<ul>\n<li>Ch\u00e2teau Canon<\/li>\n<li>Ch\u00e2teau Ducru-Beaucaillou<\/li>\n<li>Ch\u00e2teau Haut-Bailly<\/li>\n<li>Ch\u00e2teau Haut-Brion<\/li>\n<li>Ch\u00e2teau La Lagune<\/li>\n<li>Ch\u00e2teau La Mission Haut-Brion<\/li>\n<li>Ch\u00e2teau Margaux<\/li>\n<li>Ch\u00e2teau Rauzan S\u00e9gla<\/li>\n<li>Ch\u00e2teau Vieux Taillefer<\/li>\n<li>Clos du Jaugueyron<\/li>\n<li>Cos d&#8217; Estournel<\/li>\n<li>Domaine de Chevalier<\/li>\n<li>Domaine du Jaugaret<\/li>\n<li>Les Jardins d&#8217; \u00c9dina-Olivier Rivi\u00e8re<\/li>\n<li>Soci\u00e9t\u00e9 Civile du Ch\u00e2teau Lafleur<\/li>\n<li>Trolong Mondot<\/li>\n<\/ul>\n<p>&nbsp;<\/p>\n<p>&nbsp;<\/p>\n<p><strong>C\u00f4tes du Marmandais<\/strong><\/p>\n<ul>\n<li>\u00c9lian Da Ros<\/li>\n<\/ul>\n<p>\n<\/div><\/div><\/div><\/div><\/div><\/div><\/div><\/div><\/div><div class=\"vc_row-full-width vc_clearfix\"><\/div><div id=\"ut-row-69f2f57b3e03b\" data-vc-full-width=\"true\" data-vc-full-width-init=\"false\" data-vc-stretch-content=\"true\" class=\"vc_row wpb_row vc_row-fluid vc_column-gap-0 ut-row-69f2f57b3e043\" ><div class=\"wpb_column vc_column_container vc_col-sm-12\" ><div id=\"ut_inner_column_69f2f57b3e6dd\" class=\"vc_column-inner\" ><div class=\"wpb_wrapper\"><style type=\"text\/css\">#bklyn_btn_69f2f57b3e749 .bklyn-btn { color:#6d6d6d !important; background-color:transparent !important; }#bklyn_btn_69f2f57b3e749 .bklyn-btn:hover{ color:#000000 !important; background-color:transparent !important; background-image:none !important; }#bklyn_btn_69f2f57b3e749 .bklyn-btn:focus{ color:#000000 !important; background-color:transparent !important; background-image:none !important; }#bklyn_btn_69f2f57b3e749 .bklyn-btn:active { color:#000000 !important; background-color:transparent !important; background-image:none !important; }#bklyn_btn_69f2f57b3e749 a i:before { font-size:12px; }<\/style><div id=\"bklyn_btn_69f2f57b3e749\" class=\"bklyn-btn-holder  bklyn-btn-center bklyn-btn-tablet-center bklyn-btn-mobile-center bklyn-btn-holder-contains-fuild-button\"><a title=\"Bodega\"   href=\"https:\/\/www.restauranteelkano.com\/en\/bodega\/\" target=\"_self\" class=\"bklyn-btn  bklyn-btn-full bklyn-btn-icon-left bklyn-btn-normal\" ><i class=\"BklynIcons-Left-3\"><\/i><span class=\"ut-btn-text\">Volver a Bodega<\/span><\/a><\/div><\/div><\/div><\/div><style type=\"text\/css\">#ut-row-69f2f57b3e03b{padding-right: 10% !important;padding-left: 10% !important;} <\/style><\/div><div class=\"vc_row-full-width vc_clearfix\"><\/div><a data-id=\"section-without-id\" class=\"ut-vc-offset-anchor-bottom\" name=\"section-without-id\"><\/a><\/section><div class=\"vc_row-full-width vc_clearfix\"><\/div>\n<\/div>","protected":false},"excerpt":{"rendered":"FRANCIAChampagneChampagne de Vigneron Amaury Beaufort Beno\u00eet Lahaye Benoit Marguet B\u00e9r\u00eache &amp; Fils Caz\u00e9-Thibaut C\u00e9dric Bouchard Chartogne-Taillet Clandestin David L\u00e9clapart Dehours &amp; Fils Dhondt-Grellet Domaine de Bichery Emmanuel Brochet \u00c9tienne Calsac Fleury Fr\u00e9deric Savart Georges Laval Jacques Lassaigne Jacques Selosse Jacquesson Larmandier-Bernier Laherte Fr\u00e8res La Closerie-J\u00e9rome Prevost La Rogerie Legrand-Latour Marie Courtin Olivier Horiot Pascal Doquet [...]","protected":false},"author":2,"featured_media":0,"parent":660,"menu_order":0,"comment_status":"closed","ping_status":"closed","template":"","meta":{"footnotes":""},"class_list":["post-750","page","type-page","status-publish","hentry"],"_links":{"self":[{"href":"https:\/\/www.restauranteelkano.com\/en\/wp-json\/wp\/v2\/pages\/750","targetHints":{"allow":["GET"]}}],"collection":[{"href":"https:\/\/www.restauranteelkano.com\/en\/wp-json\/wp\/v2\/pages"}],"about":[{"href":"https:\/\/www.restauranteelkano.com\/en\/wp-json\/wp\/v2\/types\/page"}],"author":[{"embeddable":true,"href":"https:\/\/www.restauranteelkano.com\/en\/wp-json\/wp\/v2\/users\/2"}],"replies":[{"embeddable":true,"href":"https:\/\/www.restauranteelkano.com\/en\/wp-json\/wp\/v2\/comments?post=750"}],"version-history":[{"count":39,"href":"https:\/\/www.restauranteelkano.com\/en\/wp-json\/wp\/v2\/pages\/750\/revisions"}],"predecessor-version":[{"id":1503,"href":"https:\/\/www.restauranteelkano.com\/en\/wp-json\/wp\/v2\/pages\/750\/revisions\/1503"}],"up":[{"embeddable":true,"href":"https:\/\/www.restauranteelkano.com\/en\/wp-json\/wp\/v2\/pages\/660"}],"wp:attachment":[{"href":"https:\/\/www.restauranteelkano.com\/en\/wp-json\/wp\/v2\/media?parent=750"}],"curies":[{"name":"wp","href":"https:\/\/api.w.org\/{rel}","templated":true}]}}