{"id":854,"date":"2020-01-28T21:56:10","date_gmt":"2020-01-28T21:56:10","guid":{"rendered":"https:\/\/www.restauranteelkano.com\/?page_id=854"},"modified":"2023-04-12T21:44:23","modified_gmt":"2023-04-12T21:44:23","slug":"alemania","status":"publish","type":"page","link":"https:\/\/www.restauranteelkano.com\/en\/bodega\/alemania\/","title":{"rendered":"Alemania"},"content":{"rendered":"<div class=\"wpb-content-wrapper\"><section id=\"ut-section-69e89b29b32c3\" data-vc-full-width=\"true\" data-vc-full-width-init=\"false\" data-background-image=\"https:\/\/www.restauranteelkano.com\/wp-content\/uploads\/2019\/05\/arbol.jpg?id=661\" data-cursor-skin=\"global\" class=\"vc_section ut-vc-120 vc_section-has-fill ut-section-69e89b29b32d3 ut-background-lozad\"><div id=\"ut-row-69e89b29b400f\" data-vc-full-width=\"true\" data-vc-full-width-init=\"false\" class=\"vc_row wpb_row vc_row-fluid vc_column-gap-0 ut-row-69e89b29b401a\" ><div class=\"wpb_column vc_column_container vc_col-sm-12\" ><div id=\"ut_inner_column_69e89b29b487f\" class=\"vc_column-inner\" ><div class=\"wpb_wrapper\"><\/div><\/div><\/div><\/div><div class=\"vc_row-full-width vc_clearfix\"><\/div><a data-id=\"section-without-id\" class=\"ut-vc-offset-anchor-bottom\" name=\"section-without-id\"><\/a><style type=\"text\/css\">#ut-section-69e89b29b32c3{padding-top: 200px !important;padding-bottom: 200px !important;background-position: center !important;background-repeat: no-repeat !important;background-size: cover !important;} <\/style><\/section><div class=\"vc_row-full-width vc_clearfix\"><\/div><section id=\"ut-section-69e89b29b5309\" data-vc-full-width=\"true\" data-vc-full-width-init=\"false\" data-cursor-skin=\"global\" class=\"vc_section ut-vc-120 vc_section-has-no-fill ut-section-69e89b29b5312\"><div id=\"ut-row-69e89b29b56e5\" data-vc-full-width=\"true\" data-vc-full-width-init=\"false\" data-vc-stretch-content=\"true\" class=\"vc_row wpb_row vc_row-fluid vc_column-gap-0 ut-row-69e89b29b56ef\" ><div class=\"wpb_column vc_column_container vc_col-sm-12\" ><div id=\"ut_inner_column_69e89b29b5dff\" class=\"vc_column-inner\" ><div class=\"wpb_wrapper\"><div class=\"wpb_content_element\"><style type=\"text\/css\">#ut_header_69e89b29b62e1 h2.section-title, #ut_header_69e89b29b62e1 h2.section-title span { color:#6f6f6f; }#ut_header_69e89b29b62e1 h2.section-title{ font-family: \"Playfair Display\";font-weight:400;font-style:normal; }#ut_header_69e89b29b62e1 h2.section-title{ font-size: 29px }@media (min-width: 768px) { #ut_header_69e89b29b62e1 h2.section-title { line-height: 29px !important; } }#ut_header_69e89b29b62e1 h2.section-title{ letter-spacing: 0.2em }<\/style><header id=\"ut_header_69e89b29b62e1\" class=\"section-header  ut-no-title-linebreak-mobile ut-no-lead-linebreak-mobile pt-style-7 header-center header-tablet-center header-mobile-center element-with-custom-line-height\"><div class=\"element-with-custom-line-height\" ><h2 data-title=\"Alemania y Austria\"  data-responsive-font=\"section_title\" data-responsive-font-settings=\"{&quot;base-font-size&quot;:&quot;29&quot;,&quot;base-line-height&quot;:&quot;29&quot;,&quot;base-letter-spacing&quot;:&quot;0.2&quot;}\" class=\"section-title\"><span>Alemania y Austria<\/span><\/h2><\/div><\/header><\/div><\/div><\/div><\/div><style type=\"text\/css\">#ut-row-69e89b29b56e5{padding-right: 10% !important;padding-left: 10% !important;} <\/style><\/div><div class=\"vc_row-full-width vc_clearfix\"><\/div><div id=\"ut-row-69e89b29b8f71\" data-vc-full-width=\"true\" data-vc-full-width-init=\"false\" class=\"vc_row wpb_row vc_row-fluid vc_column-gap-0 ut-row-69e89b29b8f7e\" ><div class=\"wpb_column vc_column_container vc_col-sm-6\" ><div id=\"ut_inner_column_69e89b29b92ed\" class=\"vc_column-inner\" ><div class=\"wpb_wrapper\"><div class=\"wpb_content_element\"><style type=\"text\/css\">#ut_accordion_69e89b29b9385 .ut-accordion-module-item.open .ut-accordion-module-heading { color: rgba(89, 86, 83, 1) !important }#ut_accordion_69e89b29b9385 .ut-accordion-module-heading:hover { color: rgba(89, 86, 83, 1) !important }#ut_accordion_69e89b29b9385 .ut-accordion-module-heading:active { color: rgba(89, 86, 83, 1) !important }#ut_accordion_69e89b29b9385 .ut-accordion-module-heading:focus { color: rgba(89, 86, 83, 1) !important }#ut_accordion_69e89b29b9385 .ut-accordion-module-item { border-top-style:solid; }#ut_accordion_69e89b29b9385 .ut-accordion-module-item:last-child { border-top-style:solid; border-bottom-style:solid; }#ut_accordion_69e89b29b9385 .ut-accordion-module-heading::before { -webkit-border-radius: 50%; -moz-border-radius: 50%; border-radius: 50%; }<\/style><div id=\"ut_accordion_69e89b29b9385\" data-accordion-group class=\"ut-accordion-module ut-accordion-module-single  ut-accordion-module-with-counter ut-accordion-module-with-border\"><div data-accordion data-single data-transition =\"400\" data-easing=\"ease\" class=\"ut-accordion-module-item\"><h3 data-control class=\"ut-accordion-module-heading\" data-counter=\"1\">Alemania<\/h3><div data-content class=\"ut-accordion-module-content\"><div class=\"ut-accordion-module-inner entry-content clearfix\"><p><strong>Mosel<\/strong><\/p>\n<ul>\n<li>Weingut Clemens Busch<\/li>\n<li>Heymann-L\u00f6wenstein<\/li>\n<li>Van Volxem<\/li>\n<\/ul>\n<p>&nbsp;<\/p>\n<p><strong>Nahe<\/strong><\/p>\n<ul>\n<li>Emrich-Sch\u00f6nleber<\/li>\n<li>Hermann D\u00f6nhoff<\/li>\n<li>Sch\u00e4fer-Fr\u00f6lisch<\/li>\n<\/ul>\n<p>&nbsp;<\/p>\n<p><strong>Rheinhessen<\/strong><\/p>\n<ul>\n<li>Gunderloch<\/li>\n<li>Wagner Stempel<\/li>\n<li>Wittmann<\/li>\n<\/ul>\n<p>&nbsp;<\/p>\n<p><strong>Pfalz<\/strong><\/p>\n<ul>\n<li>\u00d6konomierat Rebholz<\/li>\n<\/ul>\n<p>\n<\/div><\/div><\/div><\/div><\/div><\/div><\/div><\/div><div class=\"wpb_column vc_column_container vc_col-sm-6\" ><div id=\"ut_inner_column_69e89b29b99dc\" class=\"vc_column-inner\" ><div class=\"wpb_wrapper\"><div class=\"wpb_content_element\"><style type=\"text\/css\">#ut_accordion_69e89b29b9a4c .ut-accordion-module-item.open .ut-accordion-module-heading { color: rgba(89, 86, 83, 1) !important }#ut_accordion_69e89b29b9a4c .ut-accordion-module-heading:hover { color: rgba(89, 86, 83, 1) !important }#ut_accordion_69e89b29b9a4c .ut-accordion-module-heading:active { color: rgba(89, 86, 83, 1) !important }#ut_accordion_69e89b29b9a4c .ut-accordion-module-heading:focus { color: rgba(89, 86, 83, 1) !important }#ut_accordion_69e89b29b9a4c .ut-accordion-module-item { border-top-style:solid; }#ut_accordion_69e89b29b9a4c .ut-accordion-module-item:last-child { border-top-style:solid; border-bottom-style:solid; }#ut_accordion_69e89b29b9a4c .ut-accordion-module-heading::before { -webkit-border-radius: 50%; -moz-border-radius: 50%; border-radius: 50%; }<\/style><div id=\"ut_accordion_69e89b29b9a4c\" data-accordion-group class=\"ut-accordion-module ut-accordion-module-single  ut-accordion-module-with-counter ut-accordion-module-with-border\"><div data-accordion data-single data-transition =\"400\" data-easing=\"ease\" class=\"ut-accordion-module-item\"><h3 data-control class=\"ut-accordion-module-heading\" data-counter=\"2\">Austria<\/h3><div data-content class=\"ut-accordion-module-content\"><div class=\"ut-accordion-module-inner entry-content clearfix\"><p><strong>Sudsteiermark<\/strong><\/p>\n<ul>\n<li>Andreas Tscheppe<\/li>\n<\/ul>\n<p>&nbsp;<\/p>\n<p><strong>Burgenland<\/strong><\/p>\n<ul>\n<li>Gut Oggau<\/li>\n<\/ul>\n<p>\n<\/div><\/div><\/div><\/div><\/div><\/div><\/div><\/div><\/div><div class=\"vc_row-full-width vc_clearfix\"><\/div><div id=\"ut-row-69e89b29ba010\" data-vc-full-width=\"true\" data-vc-full-width-init=\"false\" data-vc-stretch-content=\"true\" class=\"vc_row wpb_row vc_row-fluid vc_column-gap-0 ut-row-69e89b29ba018\" ><div class=\"wpb_column vc_column_container vc_col-sm-12\" ><div id=\"ut_inner_column_69e89b29ba6d7\" class=\"vc_column-inner\" ><div class=\"wpb_wrapper\"><style type=\"text\/css\">#bklyn_btn_69e89b29ba757 .bklyn-btn { color:#6d6d6d !important; background-color:transparent !important; }#bklyn_btn_69e89b29ba757 .bklyn-btn:hover{ color:#000000 !important; background-color:transparent !important; background-image:none !important; }#bklyn_btn_69e89b29ba757 .bklyn-btn:focus{ color:#000000 !important; background-color:transparent !important; background-image:none !important; }#bklyn_btn_69e89b29ba757 .bklyn-btn:active { color:#000000 !important; background-color:transparent !important; background-image:none !important; }#bklyn_btn_69e89b29ba757 a i:before { font-size:12px; }<\/style><div id=\"bklyn_btn_69e89b29ba757\" class=\"bklyn-btn-holder  bklyn-btn-center bklyn-btn-tablet-center bklyn-btn-mobile-center bklyn-btn-holder-contains-fuild-button\"><a title=\"Bodega\"   href=\"https:\/\/www.restauranteelkano.com\/en\/bodega\/\" target=\"_self\" class=\"bklyn-btn  bklyn-btn-full bklyn-btn-icon-left bklyn-btn-normal\" ><i class=\"BklynIcons-Left-3\"><\/i><span class=\"ut-btn-text\">Volver a Bodega<\/span><\/a><\/div><\/div><\/div><\/div><style type=\"text\/css\">#ut-row-69e89b29ba010{padding-right: 10% !important;padding-left: 10% !important;} <\/style><\/div><div class=\"vc_row-full-width vc_clearfix\"><\/div><a data-id=\"section-without-id\" class=\"ut-vc-offset-anchor-bottom\" name=\"section-without-id\"><\/a><\/section><div class=\"vc_row-full-width vc_clearfix\"><\/div>\n<\/div>","protected":false},"excerpt":{"rendered":"Alemania y AustriaAlemaniaMosel Weingut Clemens Busch Heymann-L\u00f6wenstein Van Volxem &nbsp; Nahe Emrich-Sch\u00f6nleber Hermann D\u00f6nhoff Sch\u00e4fer-Fr\u00f6lisch &nbsp; Rheinhessen Gunderloch Wagner Stempel Wittmann &nbsp; Pfalz \u00d6konomierat Rebholz AustriaSudsteiermark Andreas Tscheppe &nbsp; Burgenland Gut Oggau Volver a Bodega","protected":false},"author":2,"featured_media":0,"parent":660,"menu_order":0,"comment_status":"closed","ping_status":"closed","template":"","meta":{"footnotes":""},"class_list":["post-854","page","type-page","status-publish","hentry"],"_links":{"self":[{"href":"https:\/\/www.restauranteelkano.com\/en\/wp-json\/wp\/v2\/pages\/854","targetHints":{"allow":["GET"]}}],"collection":[{"href":"https:\/\/www.restauranteelkano.com\/en\/wp-json\/wp\/v2\/pages"}],"about":[{"href":"https:\/\/www.restauranteelkano.com\/en\/wp-json\/wp\/v2\/types\/page"}],"author":[{"embeddable":true,"href":"https:\/\/www.restauranteelkano.com\/en\/wp-json\/wp\/v2\/users\/2"}],"replies":[{"embeddable":true,"href":"https:\/\/www.restauranteelkano.com\/en\/wp-json\/wp\/v2\/comments?post=854"}],"version-history":[{"count":6,"href":"https:\/\/www.restauranteelkano.com\/en\/wp-json\/wp\/v2\/pages\/854\/revisions"}],"predecessor-version":[{"id":1125,"href":"https:\/\/www.restauranteelkano.com\/en\/wp-json\/wp\/v2\/pages\/854\/revisions\/1125"}],"up":[{"embeddable":true,"href":"https:\/\/www.restauranteelkano.com\/en\/wp-json\/wp\/v2\/pages\/660"}],"wp:attachment":[{"href":"https:\/\/www.restauranteelkano.com\/en\/wp-json\/wp\/v2\/media?parent=854"}],"curies":[{"name":"wp","href":"https:\/\/api.w.org\/{rel}","templated":true}]}}