{"id":835,"date":"2020-01-28T11:11:17","date_gmt":"2020-01-28T11:11:17","guid":{"rendered":"https:\/\/www.restauranteelkano.com\/?page_id=835"},"modified":"2025-10-18T10:38:07","modified_gmt":"2025-10-18T10:38:07","slug":"espana","status":"publish","type":"page","link":"https:\/\/www.restauranteelkano.com\/eu\/bodega\/espana\/","title":{"rendered":"Espa\u00f1a"},"content":{"rendered":"<div class=\"wpb-content-wrapper\"><section id=\"ut-section-69e8ba5186254\" data-vc-full-width=\"true\" data-vc-full-width-init=\"false\" data-background-image=\"https:\/\/www.restauranteelkano.com\/wp-content\/uploads\/2019\/05\/arbol.jpg?id=661\" data-cursor-skin=\"global\" class=\"vc_section ut-vc-120 vc_section-has-fill ut-section-69e8ba518625f ut-background-lozad\"><div id=\"ut-row-69e8ba5186a00\" data-vc-full-width=\"true\" data-vc-full-width-init=\"false\" class=\"vc_row wpb_row vc_row-fluid vc_column-gap-0 ut-row-69e8ba5186a08\" ><div class=\"wpb_column vc_column_container vc_col-sm-12\" ><div id=\"ut_inner_column_69e8ba5186e57\" class=\"vc_column-inner\" ><div class=\"wpb_wrapper\"><\/div><\/div><\/div><\/div><div class=\"vc_row-full-width vc_clearfix\"><\/div><a data-id=\"section-without-id\" class=\"ut-vc-offset-anchor-bottom\" name=\"section-without-id\"><\/a><style type=\"text\/css\">#ut-section-69e8ba5186254{padding-top: 200px !important;padding-bottom: 200px !important;background-position: center !important;background-repeat: no-repeat !important;background-size: cover !important;} <\/style><\/section><div class=\"vc_row-full-width vc_clearfix\"><\/div><section id=\"ut-section-69e8ba51877c3\" data-vc-full-width=\"true\" data-vc-full-width-init=\"false\" data-cursor-skin=\"global\" class=\"vc_section ut-vc-120 vc_section-has-no-fill ut-section-69e8ba51877c8\"><div id=\"ut-row-69e8ba5187be6\" data-vc-full-width=\"true\" data-vc-full-width-init=\"false\" data-vc-stretch-content=\"true\" class=\"vc_row wpb_row vc_row-fluid vc_column-gap-0 ut-row-69e8ba5187bee\" ><div class=\"wpb_column vc_column_container vc_col-sm-12\" ><div id=\"ut_inner_column_69e8ba51882cf\" class=\"vc_column-inner\" ><div class=\"wpb_wrapper\"><div class=\"wpb_content_element\"><style type=\"text\/css\">#ut_header_69e8ba5188753 h2.section-title, #ut_header_69e8ba5188753 h2.section-title span { color:#6f6f6f; }#ut_header_69e8ba5188753 h2.section-title{ font-family: \"Playfair Display\";font-weight:400;font-style:normal; }#ut_header_69e8ba5188753 h2.section-title{ font-size: 29px }@media (min-width: 768px) { #ut_header_69e8ba5188753 h2.section-title { line-height: 29px !important; } }#ut_header_69e8ba5188753 h2.section-title{ letter-spacing: 0.2em }<\/style><header id=\"ut_header_69e8ba5188753\" class=\"section-header  ut-no-title-linebreak-mobile ut-no-lead-linebreak-mobile pt-style-7 header-center header-tablet-center header-mobile-center element-with-custom-line-height\"><div class=\"element-with-custom-line-height\" ><h2 data-title=\"ESPA\u00d1A\"  data-responsive-font=\"section_title\" data-responsive-font-settings=\"{&quot;base-font-size&quot;:&quot;29&quot;,&quot;base-line-height&quot;:&quot;29&quot;,&quot;base-letter-spacing&quot;:&quot;0.2&quot;}\" class=\"section-title\"><span>ESPA\u00d1A<\/span><\/h2><\/div><\/header><\/div><\/div><\/div><\/div><style type=\"text\/css\">#ut-row-69e8ba5187be6{padding-right: 10% !important;padding-left: 10% !important;} <\/style><\/div><div class=\"vc_row-full-width vc_clearfix\"><\/div><div id=\"ut-row-69e8ba518b260\" data-vc-full-width=\"true\" data-vc-full-width-init=\"false\" class=\"vc_row wpb_row vc_row-fluid vc_column-gap-0 ut-row-69e8ba518b269\" ><div class=\"wpb_column vc_column_container vc_col-sm-6\" ><div id=\"ut_inner_column_69e8ba518b64b\" class=\"vc_column-inner\" ><div class=\"wpb_wrapper\"><div class=\"wpb_content_element\"><style type=\"text\/css\">#ut_accordion_69e8ba518b740 .ut-accordion-module-item.open .ut-accordion-module-heading { color: rgba(89, 86, 83, 1) !important }#ut_accordion_69e8ba518b740 .ut-accordion-module-heading:hover { color: rgba(89, 86, 83, 1) !important }#ut_accordion_69e8ba518b740 .ut-accordion-module-heading:active { color: rgba(89, 86, 83, 1) !important }#ut_accordion_69e8ba518b740 .ut-accordion-module-heading:focus { color: rgba(89, 86, 83, 1) !important }#ut_accordion_69e8ba518b740 .ut-accordion-module-item { border-top-style:solid; }#ut_accordion_69e8ba518b740 .ut-accordion-module-item:last-child { border-top-style:solid; border-bottom-style:solid; }#ut_accordion_69e8ba518b740 .ut-accordion-module-heading::before { -webkit-border-radius: 50%; -moz-border-radius: 50%; border-radius: 50%; }<\/style><div id=\"ut_accordion_69e8ba518b740\" data-accordion-group class=\"ut-accordion-module ut-accordion-module-single  ut-accordion-module-with-counter ut-accordion-module-with-border\"><div data-accordion data-single data-transition =\"400\" data-easing=\"ease\" class=\"ut-accordion-module-item\"><h3 data-control class=\"ut-accordion-module-heading\" data-counter=\"1\">Andaluc\u00eda<\/h3><div data-content class=\"ut-accordion-module-content\"><div class=\"ut-accordion-module-inner entry-content clearfix\"><p><strong>\u00a0Jerez-X\u00e9r\u00e8s-Sherry<\/strong><\/p>\n<ul>\n<li>Bodegas Tradici\u00f3n<\/li>\n<li>Bodegas Hidalgo<\/li>\n<li>Equipo Navazos<\/li>\n<li>Fernando de Castilla<\/li>\n<li>Juan Pi\u00f1ero<\/li>\n<li>M. Ant\u00ba. De la Riva<\/li>\n<li>Maestro Sierra<\/li>\n<li>Sacrist\u00eda AB<\/li>\n<\/ul>\n<p><strong>Marco de Jerez<\/strong><\/p>\n<ul>\n<li>Bodegas Cota 45-Ramiro Iba\u00f1ez<\/li>\n<li>Bodegas Luis Perez<\/li>\n<li>Muchada-L\u00e9clapart<\/li>\n<li>Ra\u00fal Moreno<\/li>\n<\/ul>\n<p>\n<\/div><\/div><\/div><div data-accordion data-single data-transition =\"400\" data-easing=\"ease\" class=\"ut-accordion-module-item\"><h3 data-control class=\"ut-accordion-module-heading\" data-counter=\"2\">Castilla y Le\u00f3n<\/h3><div data-content class=\"ut-accordion-module-content\"><div class=\"ut-accordion-module-inner entry-content clearfix\"><p><strong>Bierzo<\/strong><\/p>\n<ul>\n<li>Bodegas Y Vi\u00f1edos Est\u00e9vez<\/li>\n<li>C\u00e9sar Marquez<\/li>\n<li>Descendientes de J. Palacios<\/li>\n<li>Mengoba-Gregory Perez<\/li>\n<li>Veronica Ortega<\/li>\n<\/ul>\n<p><strong>Ribera del Duero<\/strong><\/p>\n<ul>\n<li>Alonso del Yerro<\/li>\n<li>Bodega Neg\u00f3n<\/li>\n<li>Bodega Coru\u00f1a del Conde<\/li>\n<li>Bodegas La Horra<\/li>\n<li>Bodegas y Vi\u00f1edos Al\u00edon<\/li>\n<li>Bosque de Matasnos<\/li>\n<li>Domino del \u00c1guila<\/li>\n<li>Domino de Es-Bertrand Sourdais<\/li>\n<li>Domino de Pingus<\/li>\n<li>Emilio Moro<\/li>\n<li>Goyo Garcia Viadero<\/li>\n<li>Hacienda Monasterio<\/li>\n<li>Hern\u00e1ndez<\/li>\n<li>Jes\u00fas Madrazo<\/li>\n<li>Pago de Carraovejas<\/li>\n<li>San Cobate<\/li>\n<li>Vega Sicilia<\/li>\n<li>Vi\u00f1a Sastre<\/li>\n<\/ul>\n<p><strong>Rueda<\/strong><\/p>\n<ul>\n<li>Belondrade Y Lurton<\/li>\n<li>Bodegas Y Vi\u00f1edos Nieva<\/li>\n<li>C\u00eda de Vinos Telmo Rodr\u00edguez<\/li>\n<\/ul>\n<p><strong>Vino de la Tierra Castilla Y Le\u00f3n<\/strong><\/p>\n<ul>\n<li>Esmeralda Garc\u00eda<\/li>\n<li>Daniel G\u00f3mez Jim\u00e9nez Landi<\/li>\n<li>DSG Vineyard<\/li>\n<li>Bodegas Mauro<\/li>\n<li>Cantalapiedra Viticultores<\/li>\n<\/ul>\n<p>\n<\/div><\/div><\/div><div data-accordion data-single data-transition =\"400\" data-easing=\"ease\" class=\"ut-accordion-module-item\"><h3 data-control class=\"ut-accordion-module-heading\" data-counter=\"3\">Catalunya<\/h3><div data-content class=\"ut-accordion-module-content\"><div class=\"ut-accordion-module-inner entry-content clearfix\"><p><strong>Conca del Riu Anoia<\/strong><\/p>\n<ul>\n<li>Ravent\u00f3s i Blanc<\/li>\n<\/ul>\n<p><strong>Corpinnat<\/strong><\/p>\n<ul>\n<li>Gramona<\/li>\n<li>Pardas<\/li>\n<li>Recaredo<\/li>\n<\/ul>\n<p><strong>Coster del Segre<\/strong><\/p>\n<ul>\n<li>Castell d&#8217; Encus -Raul Bobet<\/li>\n<\/ul>\n<p><strong>Montsant\/ Priorat<\/strong><\/p>\n<ul>\n<li>\u00c1lvaro Palacios<\/li>\n<li>Bodegas Mas Alta<\/li>\n<li>Celler Comunica<\/li>\n<li>Cims de Porrera<\/li>\n<li>Clos de l&#8217; Obac<\/li>\n<li>Clos Mogador<\/li>\n<li>Familia Nin-Ortiz<\/li>\n<li>Mas Martinet<\/li>\n<li>Ren\u00e9 i Sara Viticultors<\/li>\n<li>Terroir Al Limit<\/li>\n<li>Venus La Universal<\/li>\n<\/ul>\n<p><strong>Pened\u00e8s<\/strong><\/p>\n<ul>\n<li>Cal Raspallet-Enric Soler<\/li>\n<li>Alemany i Corrio<\/li>\n<li>Colet Navazos<\/li>\n<li>AT Roca<\/li>\n<\/ul>\n<p>\n<\/div><\/div><\/div><div data-accordion data-single data-transition =\"400\" data-easing=\"ease\" class=\"ut-accordion-module-item\"><h3 data-control class=\"ut-accordion-module-heading\" data-counter=\"4\">Cava<\/h3><div data-content class=\"ut-accordion-module-content\"><div class=\"ut-accordion-module-inner entry-content clearfix\"><\/p>\n<ul>\n<li>Alta Alella-Celler de las Aus<\/li>\n<li>Mestres<\/li>\n<\/ul>\n<p>\n<\/div><\/div><\/div><div data-accordion data-single data-transition =\"400\" data-easing=\"ease\" class=\"ut-accordion-module-item\"><h3 data-control class=\"ut-accordion-module-heading\" data-counter=\"5\">Islas Canarias<\/h3><div data-content class=\"ut-accordion-module-content\"><div class=\"ut-accordion-module-inner entry-content clearfix\"><p><strong>Tenerife<\/strong><\/p>\n<ul>\n<li>Env\u00ednate<\/li>\n<li>I\u00f1aki Garrido<\/li>\n<li>Suertes del Marqu\u00e9s<\/li>\n<\/ul>\n<p><strong>Lanzarore<\/strong><\/p>\n<ul>\n<li>Bermejo<\/li>\n<li>Puro Rofe<\/li>\n<\/ul>\n<p>\n<\/div><\/div><\/div><\/div><\/div><\/div><\/div><\/div><div class=\"wpb_column vc_column_container vc_col-sm-6\" ><div id=\"ut_inner_column_69e8ba518c75f\" class=\"vc_column-inner\" ><div class=\"wpb_wrapper\"><div class=\"wpb_content_element\"><style type=\"text\/css\">#ut_accordion_69e8ba518c815 .ut-accordion-module-item.open .ut-accordion-module-heading { color: rgba(89, 86, 83, 1) !important }#ut_accordion_69e8ba518c815 .ut-accordion-module-heading:hover { color: rgba(89, 86, 83, 1) !important }#ut_accordion_69e8ba518c815 .ut-accordion-module-heading:active { color: rgba(89, 86, 83, 1) !important }#ut_accordion_69e8ba518c815 .ut-accordion-module-heading:focus { color: rgba(89, 86, 83, 1) !important }#ut_accordion_69e8ba518c815 .ut-accordion-module-item { border-top-style:solid; }#ut_accordion_69e8ba518c815 .ut-accordion-module-item:last-child { border-top-style:solid; border-bottom-style:solid; }#ut_accordion_69e8ba518c815 .ut-accordion-module-heading::before { -webkit-border-radius: 50%; -moz-border-radius: 50%; border-radius: 50%; }<\/style><div id=\"ut_accordion_69e8ba518c815\" data-accordion-group class=\"ut-accordion-module ut-accordion-module-single  ut-accordion-module-with-counter ut-accordion-module-with-border\"><div data-accordion data-single data-transition =\"400\" data-easing=\"ease\" class=\"ut-accordion-module-item\"><h3 data-control class=\"ut-accordion-module-heading\" data-counter=\"6\">Navarra<\/h3><div data-content class=\"ut-accordion-module-content\"><div class=\"ut-accordion-module-inner entry-content clearfix\"><\/p>\n<ul>\n<li>Aseguinolaza &amp; Leunda<\/li>\n<li>Chivite<\/li>\n<li>Domaine Lupier<\/li>\n<li>Manin y sus Muchachos<\/li>\n<\/ul>\n<p>\n<\/div><\/div><\/div><div data-accordion data-single data-transition =\"400\" data-easing=\"ease\" class=\"ut-accordion-module-item\"><h3 data-control class=\"ut-accordion-module-heading\" data-counter=\"7\">Galicia<\/h3><div data-content class=\"ut-accordion-module-content\"><div class=\"ut-accordion-module-inner entry-content clearfix\"><p><strong>R\u00edas Baixas<\/strong><\/p>\n<ul>\n<li>Acios de Xesteiri\u00f1a<\/li>\n<li>Albamar-Xurxo Alba<\/li>\n<li>Bodegas Fulcro- Manuel Moldes<\/li>\n<li>Bodegas Gerardo M\u00e9ndez<\/li>\n<li>Eulogio Pomares Parcelarios<\/li>\n<li>Forjas del Saln\u00e9s-Rodrigo M\u00e9ndez<\/li>\n<li>Pazo Se\u00f1orans<\/li>\n<li>C\u00eda de Vinos Tric\u00f3<\/li>\n<li>Zarate<\/li>\n<\/ul>\n<p><strong>Ribeira Sacra<\/strong><\/p>\n<ul>\n<li>Algueira<\/li>\n<li>Dominio do Bibei<\/li>\n<li>Env\u00ednate<\/li>\n<li>Fazenda Pradio<\/li>\n<li>Fedellos do Couto<\/li>\n<\/ul>\n<p><strong>Ribeiro<\/strong><\/p>\n<ul>\n<li>Bernardo Est\u00e9vez<\/li>\n<li>Casal de Arman<\/li>\n<li>Cume do Avia<\/li>\n<li>Emilio Moro<\/li>\n<li>Fazenda Agricola Augalevada-Iago Garrido<\/li>\n<li>Iria Otero<\/li>\n<li>Luis Anxo Rodr\u00edguez<\/li>\n<\/ul>\n<p><strong>Valdeorras<\/strong><\/p>\n<ul>\n<li>Bodegas Vi\u00f1a Somoza<\/li>\n<li>Rafael Palacios<\/li>\n<li>Vi\u00f1edos Telmo Rodr\u00edguez<\/li>\n<\/ul>\n<p><strong>Monterrei<\/strong><\/p>\n<ul>\n<li>Quinta da Muradella-Jos\u00e9 Luis Mateo<\/li>\n<\/ul>\n<p>\n<\/div><\/div><\/div><div data-accordion data-single data-transition =\"400\" data-easing=\"ease\" class=\"ut-accordion-module-item\"><h3 data-control class=\"ut-accordion-module-heading\" data-counter=\"8\">La Rioja<\/h3><div data-content class=\"ut-accordion-module-content\"><div class=\"ut-accordion-module-inner entry-content clearfix\"><\/p>\n<ul>\n<li>Abel Mendoza<\/li>\n<li>Finca Allende<\/li>\n<li>Bodegas Contador-Benjamin Romeo<\/li>\n<li>Bodegas 220 Cantaras<\/li>\n<li>Bodegas Muga<\/li>\n<li>Vinos Olivier Rivi\u00e8re<\/li>\n<li>\u00c1lvaro Palacios<\/li>\n<li>Bodegas Moraza<\/li>\n<li>Bodegas Roda<\/li>\n<li>Compa\u00f1\u00eda Vin\u00edcola del Norte de Espa\u00f1a<\/li>\n<li>Jos\u00e9 Gil<\/li>\n<li>La Rioja Alta<\/li>\n<li>Marqu\u00e9s de Murrieta<\/li>\n<li>Marqu\u00e9s de Vargas<\/li>\n<li>Pedro Balda<\/li>\n<li>R. L\u00f3pez de Heredia<\/li>\n<li>Sierra Cantabria<\/li>\n<\/ul>\n<p>\n<\/div><\/div><\/div><div data-accordion data-single data-transition =\"400\" data-easing=\"ease\" class=\"ut-accordion-module-item\"><h3 data-control class=\"ut-accordion-module-heading\" data-counter=\"9\">Sin D.O.<\/h3><div data-content class=\"ut-accordion-module-content\"><div class=\"ut-accordion-module-inner entry-content clearfix\"><\/p>\n<ul>\n<li>Chat\u00f3 Pqta (Mallorca)<\/li>\n<li>Laboratorio Rupestre (Jumilla)<\/li>\n<li>Microbio Wines (Segovia)<\/li>\n<li>Pepe Ravent\u00f3s (Alt Pened\u00e8s)<\/li>\n<li><\/li>\n<\/ul>\n<p>\n<\/div><\/div><\/div><\/div><\/div><\/div><\/div><\/div><\/div><div class=\"vc_row-full-width vc_clearfix\"><\/div><div id=\"ut-row-69e8ba519364b\" data-vc-full-width=\"true\" data-vc-full-width-init=\"false\" data-vc-stretch-content=\"true\" class=\"vc_row wpb_row vc_row-fluid vc_column-gap-0 ut-row-69e8ba5193657\" ><div class=\"wpb_column vc_column_container vc_col-sm-12\" ><div id=\"ut_inner_column_69e8ba5193dac\" class=\"vc_column-inner\" ><div class=\"wpb_wrapper\"><style type=\"text\/css\">#bklyn_btn_69e8ba5193e33 .bklyn-btn { color:#6d6d6d !important; background-color:transparent !important; }#bklyn_btn_69e8ba5193e33 .bklyn-btn:hover{ color:#000000 !important; background-color:transparent !important; background-image:none !important; }#bklyn_btn_69e8ba5193e33 .bklyn-btn:focus{ color:#000000 !important; background-color:transparent !important; background-image:none !important; }#bklyn_btn_69e8ba5193e33 .bklyn-btn:active { color:#000000 !important; background-color:transparent !important; background-image:none !important; }#bklyn_btn_69e8ba5193e33 a i:before { font-size:12px; }<\/style><div id=\"bklyn_btn_69e8ba5193e33\" class=\"bklyn-btn-holder  bklyn-btn-center bklyn-btn-tablet-center bklyn-btn-mobile-center bklyn-btn-holder-contains-fuild-button\"><a title=\"Bodega\"   href=\"https:\/\/www.restauranteelkano.com\/eu\/bodega\/\" target=\"_self\" class=\"bklyn-btn  bklyn-btn-full bklyn-btn-icon-left bklyn-btn-normal\" ><i class=\"BklynIcons-Left-3\"><\/i><span class=\"ut-btn-text\">Volver a Bodega<\/span><\/a><\/div><\/div><\/div><\/div><style type=\"text\/css\">#ut-row-69e8ba519364b{padding-right: 10% !important;padding-left: 10% !important;} <\/style><\/div><div class=\"vc_row-full-width vc_clearfix\"><\/div><a data-id=\"section-without-id\" class=\"ut-vc-offset-anchor-bottom\" name=\"section-without-id\"><\/a><\/section><div class=\"vc_row-full-width vc_clearfix\"><\/div>\n<\/div>","protected":false},"excerpt":{"rendered":"ESPA\u00d1AAndaluc\u00eda\u00a0Jerez-X\u00e9r\u00e8s-Sherry Bodegas Tradici\u00f3n Bodegas Hidalgo Equipo Navazos Fernando de Castilla Juan Pi\u00f1ero M. Ant\u00ba. De la Riva Maestro Sierra Sacrist\u00eda AB Marco de Jerez Bodegas Cota 45-Ramiro Iba\u00f1ez Bodegas Luis Perez Muchada-L\u00e9clapart Ra\u00fal Moreno Castilla y Le\u00f3nBierzo Bodegas Y Vi\u00f1edos Est\u00e9vez C\u00e9sar Marquez Descendientes de J. Palacios Mengoba-Gregory Perez Veronica Ortega Ribera del Duero Alonso [...]","protected":false},"author":2,"featured_media":0,"parent":660,"menu_order":0,"comment_status":"closed","ping_status":"closed","template":"","meta":{"footnotes":""},"class_list":["post-835","page","type-page","status-publish","hentry"],"_links":{"self":[{"href":"https:\/\/www.restauranteelkano.com\/eu\/wp-json\/wp\/v2\/pages\/835","targetHints":{"allow":["GET"]}}],"collection":[{"href":"https:\/\/www.restauranteelkano.com\/eu\/wp-json\/wp\/v2\/pages"}],"about":[{"href":"https:\/\/www.restauranteelkano.com\/eu\/wp-json\/wp\/v2\/types\/page"}],"author":[{"embeddable":true,"href":"https:\/\/www.restauranteelkano.com\/eu\/wp-json\/wp\/v2\/users\/2"}],"replies":[{"embeddable":true,"href":"https:\/\/www.restauranteelkano.com\/eu\/wp-json\/wp\/v2\/comments?post=835"}],"version-history":[{"count":19,"href":"https:\/\/www.restauranteelkano.com\/eu\/wp-json\/wp\/v2\/pages\/835\/revisions"}],"predecessor-version":[{"id":1394,"href":"https:\/\/www.restauranteelkano.com\/eu\/wp-json\/wp\/v2\/pages\/835\/revisions\/1394"}],"up":[{"embeddable":true,"href":"https:\/\/www.restauranteelkano.com\/eu\/wp-json\/wp\/v2\/pages\/660"}],"wp:attachment":[{"href":"https:\/\/www.restauranteelkano.com\/eu\/wp-json\/wp\/v2\/media?parent=835"}],"curies":[{"name":"wp","href":"https:\/\/api.w.org\/{rel}","templated":true}]}}